{"id":52,"date":"2024-09-15T11:54:00","date_gmt":"2024-09-15T03:54:00","guid":{"rendered":"https:\/\/blog.awwwbuy.com\/about\/"},"modified":"2024-12-22T20:29:21","modified_gmt":"2024-12-22T12:29:21","slug":"about","status":"publish","type":"page","link":"https:\/\/blog.awwwbuy.com\/pt\/about\/","title":{"rendered":"Sobre"},"content":{"rendered":"<div class=\"wp-block-uagb-container uagb-block-a6be1363 alignfull uagb-is-root-container\"><div class=\"uagb-container__shape uagb-container__shape-bottom uagb-container__shape-flip uagb-container__invert\" data-negative=\"false\"><svg xmlns=\"https:\/\/www.w3.org\/2000\/svg\" viewbox=\"0 0 1000 100\" preserveaspectratio=\"none\"><path class=\"uagb-container__shape-fill\" d=\"M0,6V0h1000v100L0,6z\"><\/path><\/svg><\/div><div class=\"uagb-container-inner-blocks-wrap\">\n<div class=\"wp-block-uagb-advanced-heading uagb-block-81d18f4d\"><p class=\"uagb-desc-text\">awwwbuy.com<\/p><h1 class=\"uagb-heading-text\">Tornar as compras no atacado mais convenientes para pequenas empresas em todo o mundo<\/h1><\/div>\n<\/div><\/div>\n\n\n\n<div class=\"wp-block-uagb-container uagb-block-9dbb18d7 alignfull uagb-is-root-container\"><div class=\"uagb-container-inner-blocks-wrap\">\n<div class=\"wp-block-uagb-advanced-heading uagb-block-1fd5f659\"><p class=\"uagb-desc-text\">Sobre awwwbuy<\/p><h2 class=\"uagb-heading-text\">Sobre a empresa e nossos servi\u00e7os<\/h2><\/div>\n\n\n\n<div class=\"wp-block-uagb-container uagb-layout-grid uagb-block-84e20ad5\">\n<div class=\"wp-block-uagb-image alignleft uagb-block-52eed376 wp-block-uagb-image--layout-default wp-block-uagb-image--effect-static wp-block-uagb-image--align-left\"><figure class=\"wp-block-uagb-image__figure\"><img decoding=\"async\" srcset=\"https:\/\/blog.awwwbuy.com\/wp-content\/uploads\/2024\/09\/pexels-photo-2226458.jpeg ,https:\/\/blog.awwwbuy.com\/wp-content\/uploads\/2024\/09\/pexels-photo-2226458.jpeg 780w, https:\/\/blog.awwwbuy.com\/wp-content\/uploads\/2024\/09\/pexels-photo-2226458.jpeg 360w\" sizes=\"auto, (max-width: 480px) 150px\" src=\"https:\/\/blog.awwwbuy.com\/wp-content\/uploads\/2024\/09\/pexels-photo-2226458.jpeg\" alt=\"\" class=\"uag-image-17\" width=\"500\" height=\"450\" title=\"quem somos\" loading=\"lazy\" role=\"img\"\/><\/figure><\/div>\n\n\n\n<div class=\"wp-block-uagb-info-box uagb-block-de5ccef8 uagb-infobox__content-wrap  uagb-infobox-icon-above-title uagb-infobox-image-valign-top wp-block-uagb-info-box--has-margin\"><div class=\"uagb-infobox-margin-wrapper\"><div class=\"uagb-ifb-content\"><div class=\"uagb-ifb-title-wrap\"><h3 class=\"uagb-ifb-title-prefix\">Nossa vis\u00e3o \u00e9 criar uma plataforma de cadeia de suprimentos digital global<\/h3><p class=\"uagb-ifb-title\">A China tem sido a f\u00e1brica de manufatura do mundo h\u00e1 30 anos, mas somente as grandes empresas podem comprar diretamente da China. As pequenas e m\u00e9dias empresas de todo o mundo ainda t\u00eam grandes problemas a resolver no processo de atacado e compras internacionais. Por exemplo, produtos de baixo valor s\u00f3 podem ser transportados por frete mar\u00edtimo, como compras de SKU de v\u00e1rios produtos em um \u00fanico local etc.<\/p><\/div><p class=\"uagb-ifb-desc\">A equipe fundadora da Awwwbuy est\u00e1 profundamente envolvida no setor internacional h\u00e1 muitos anos e conhece muito bem as f\u00e1bricas e os cintur\u00f5es industriais chineses. Ao mesmo tempo, nossa equipe tamb\u00e9m tem muitos anos de experi\u00eancia em com\u00e9rcio eletr\u00f4nico internacional e possui ampla experi\u00eancia em pagamentos internacionais, log\u00edstica internacional, servi\u00e7os de armazenamento, etc.<br><br>Por isso, decidimos usar nossas pr\u00f3prias vantagens para ajudar as f\u00e1bricas e os cintur\u00f5es industriais chineses a se tornarem globais e ajudar as pequenas e m\u00e9dias empresas de todo o mundo a realizar compras em um s\u00f3 lugar.<br><br><br><\/p><\/div><\/div><\/div>\n<\/div>\n<\/div><\/div>\n\n\n\n<div class=\"wp-block-uagb-container uagb-layout-grid uagb-block-80731fa3 alignfull uagb-is-root-container\"><div class=\"uagb-container__shape uagb-container__shape-top uagb-container__shape-flip\"><svg xmlns=\"https:\/\/www.w3.org\/2000\/svg\" viewbox=\"0 0 1000 100\" preserveaspectratio=\"none\"><path class=\"uagb-container__shape-fill\" d=\"M0,6V0h1000v100L0,6z\"><\/path><\/svg><\/div><div class=\"uagb-container__shape uagb-container__shape-bottom uagb-container__shape-flip uagb-container__invert\" data-negative=\"false\"><svg xmlns=\"https:\/\/www.w3.org\/2000\/svg\" viewbox=\"0 0 1000 100\" preserveaspectratio=\"none\"><path class=\"uagb-container__shape-fill\" d=\"M0,6V0h1000v100L0,6z\"><\/path><\/svg><\/div><div class=\"uagb-container-inner-blocks-wrap\">\n<div class=\"wp-block-uagb-info-box uagb-block-4184a682 uagb-infobox__content-wrap  uagb-infobox-icon-above-title uagb-infobox-image-valign-top wp-block-uagb-info-box--has-margin\"><div class=\"uagb-infobox-margin-wrapper\"><div class=\"uagb-ifb-content\"><div class=\"uagb-ifb-title-wrap\"><span class=\"uagb-ifb-title-prefix\">Compet\u00eancias essenciais<\/span><h2 class=\"uagb-ifb-title\">Crescer com pequenas empresas em todo o mundo<\/h2><\/div><p class=\"uagb-ifb-desc\"><br>Por meio de seus recursos digitais, a Awwwbuy integra profundamente os produtos das f\u00e1bricas chinesas, permitindo que cada f\u00e1brica tenha recursos digitais e se conecte a comerciantes de todo o mundo por meio da plataforma awwwbuy.<br><br>Os recursos digitais altamente eficientes da Awwwbuy permitem que os comerciantes globais fa\u00e7am compras e vendas no atacado em um s\u00f3 lugar na plataforma.<br><br>Fornecemos servi\u00e7os completos, desde a aquisi\u00e7\u00e3o, o pagamento, a inspe\u00e7\u00e3o de qualidade, o armazenamento at\u00e9 a log\u00edstica internacional, tornando a aquisi\u00e7\u00e3o global para cada comerciante t\u00e3o conveniente e r\u00e1pida quanto a aquisi\u00e7\u00e3o local.<br><br><br><br><\/p><\/div><\/div><\/div>\n\n\n\n<div class=\"wp-block-uagb-image alignright uagb-block-eb3eeb07 wp-block-uagb-image--layout-default wp-block-uagb-image--effect-static wp-block-uagb-image--align-right\"><figure class=\"wp-block-uagb-image__figure\"><img decoding=\"async\" srcset=\"https:\/\/blog.awwwbuy.com\/wp-content\/uploads\/2024\/09\/pexels-photo-6169136.jpeg ,https:\/\/blog.awwwbuy.com\/wp-content\/uploads\/2024\/09\/pexels-photo-6169136.jpeg 780w, https:\/\/blog.awwwbuy.com\/wp-content\/uploads\/2024\/09\/pexels-photo-6169136.jpeg 360w\" sizes=\"auto, (max-width: 480px) 150px\" src=\"https:\/\/blog.awwwbuy.com\/wp-content\/uploads\/2024\/09\/pexels-photo-6169136.jpeg\" alt=\"\" class=\"uag-image-18\" width=\"500\" height=\"450\" title=\"nossa hist\u00f3ria\" loading=\"lazy\" role=\"img\"\/><\/figure><\/div>\n<\/div><\/div>\n\n\n\n<div class=\"wp-block-uagb-container uagb-block-f7d88070 alignfull uagb-is-root-container\"><div class=\"uagb-container-inner-blocks-wrap\">\n<div class=\"wp-block-uagb-advanced-heading uagb-block-87470b0a\"><p class=\"uagb-desc-text\">plataforma awwwbuy<\/p><h2 class=\"uagb-heading-text\">Miss\u00e3o e valores<\/h2><\/div>\n\n\n\n<div class=\"wp-block-uagb-container uagb-block-6215ea89\">\n<div class=\"wp-block-uagb-advanced-heading uagb-block-809e447c\"><h3 class=\"uagb-heading-text\">Nossa miss\u00e3o<\/h3><p class=\"uagb-desc-text\">Ao criar uma plataforma de cadeia de suprimentos digital, tornando a compra no atacado mais conveniente para pequenas empresas em todo o mundo.<\/p><\/div>\n\n\n\n<div class=\"wp-block-uagb-separator uagb-block-7f2a0cab\"><div class=\"uagb-separator-spacing-wrapper\"><div class=\"wp-block-uagb-separator__inner\" style=\"--my-background-image:\"><\/div><\/div><\/div>\n\n\n\n<div class=\"wp-block-uagb-advanced-heading uagb-block-0cc4a98e\"><h3 class=\"uagb-heading-text\">Nossos valores<\/h3><p class=\"uagb-desc-text\">Inova\u00e7\u00e3o: Buscar a inova\u00e7\u00e3o no setor e criar valor com esp\u00edrito inovador.<br>Extremo: fa\u00e7a as coisas com atitude extrema e fa\u00e7a as coisas ao extremo.<br>Sinceridade: Seja sincero com os clientes e comunique-se com sinceridade entre as equipes.<\/p><\/div>\n<\/div>\n<\/div><\/div>\n\n\n\n<div class=\"wp-block-uagb-container uagb-block-df8ee77f alignfull uagb-is-root-container\"><div class=\"uagb-container__shape uagb-container__shape-top uagb-container__shape-flip\"><svg xmlns=\"https:\/\/www.w3.org\/2000\/svg\" viewbox=\"0 0 1000 100\" preserveaspectratio=\"none\"><path class=\"uagb-container__shape-fill\" d=\"M0,6V0h1000v100L0,6z\"><\/path><\/svg><\/div><div class=\"uagb-container-inner-blocks-wrap\">\n<div class=\"wp-block-uagb-advanced-heading uagb-block-da70d213\"><p class=\"uagb-desc-text\">Sobre a equipe<\/p><h2 class=\"uagb-heading-text\">Equipe principal da awwwbuy<\/h2><\/div>\n\n\n\n<div class=\"wp-block-uagb-container uagb-block-d0e3ffef\">\n<div class=\"wp-block-uagb-container uagb-block-66fe1c83\">\n<div class=\"wp-block-uagb-info-box uagb-block-9fa154fb uagb-infobox__content-wrap  uagb-infobox-icon-above-title uagb-infobox-image-valign-top\"><div class=\"uagb-ifb-content\"><div class=\"uagb-ifb-image-content\"><img decoding=\"async\" src=\"https:\/\/blog.awwwbuy.com\/wp-content\/uploads\/2024\/12\/WechatIMG309-e1734864874739-150x150.jpg\" alt=\"LAOJIN\" width=\"150\" height=\"150\" loading=\"lazy\"\/><\/div><div class=\"uagb-ifb-title-wrap\"><p class=\"uagb-ifb-title\">LAOJIN<\/p><\/div><p class=\"uagb-ifb-desc\">CEO<\/p><\/div><\/div>\n<\/div>\n\n\n\n<div class=\"wp-block-uagb-container uagb-block-a31af704\">\n<div class=\"wp-block-uagb-info-box uagb-block-2b47405f uagb-infobox__content-wrap  uagb-infobox-icon-above-title uagb-infobox-image-valign-top\"><div class=\"uagb-ifb-content\"><div class=\"uagb-ifb-image-content\"><img decoding=\"async\" src=\"https:\/\/blog.awwwbuy.com\/wp-content\/uploads\/2024\/12\/WechatIMG1148-e1734868634695-150x150.jpg\" alt=\"\" width=\"150\" height=\"150\" loading=\"lazy\"\/><\/div><div class=\"uagb-ifb-title-wrap\"><p class=\"uagb-ifb-title\">NEAL<\/p><\/div><p class=\"uagb-ifb-desc\">Cofundador<\/p><\/div><\/div>\n<\/div>\n\n\n\n<div class=\"wp-block-uagb-container uagb-block-5755988a\">\n<div class=\"wp-block-uagb-info-box uagb-block-8a861bdd uagb-infobox__content-wrap  uagb-infobox-icon-above-title uagb-infobox-image-valign-top\"><div class=\"uagb-ifb-content\"><div class=\"uagb-ifb-image-content\"><img decoding=\"async\" src=\"https:\/\/blog.awwwbuy.com\/wp-content\/uploads\/2024\/12\/WechatIMG131-e1734870553808-150x150.jpg\" alt=\"\" width=\"150\" height=\"150\" loading=\"lazy\"\/><\/div><div class=\"uagb-ifb-title-wrap\"><p class=\"uagb-ifb-title\">AIOE<\/p><\/div><p class=\"uagb-ifb-desc\">Diretor da cadeia de suprimentos<\/p><\/div><\/div>\n<\/div>\n<\/div>\n<\/div><\/div>\n\n\n\n<div class=\"wp-block-uagb-container uagb-block-6f82293b alignfull uagb-is-root-container\"><div class=\"uagb-container__shape uagb-container__shape-top uagb-container__shape-flip\"><svg xmlns=\"https:\/\/www.w3.org\/2000\/svg\" viewbox=\"0 0 1000 100\" preserveaspectratio=\"none\"><path class=\"uagb-container__shape-fill\" d=\"M0,6V0h1000v100L0,6z\"><\/path><\/svg><\/div><div class=\"uagb-container-inner-blocks-wrap\">\n<div class=\"wp-block-uagb-info-box uagb-block-2de13869 uagb-infobox__content-wrap  uagb-infobox-icon-above-title uagb-infobox-image-valign-top wp-block-uagb-info-box--has-margin\"><div class=\"uagb-infobox-margin-wrapper\"><div class=\"uagb-ifb-content\"><div class=\"uagb-ifb-title-wrap\"><span class=\"uagb-ifb-title-prefix\">Cadastre-se agora<\/span><h2 class=\"uagb-ifb-title\">Tornar as compras no atacado mais convenientes para todas as pequenas e m\u00e9dias empresas<\/h2><\/div><p class=\"uagb-ifb-desc\">Registre-se no awwwbuy agora e comece a aproveitar as compras no atacado em um s\u00f3 lugar<\/p><div class=\"uagb-ifb-button-wrapper wp-block-button\"><a href=\"http:\/\/www.awwwbuy.com\/\" class=\"uagb-infobox-cta-link wp-block-button__link\" target=\"_self\" rel=\"noopener noreferrer\" onclick=\"return true;\"><span class=\"uagb-inline-editing\">Come\u00e7ar a usar<\/span><\/a><\/div><\/div><\/div><\/div>\n<\/div><\/div>","protected":false},"excerpt":{"rendered":"<p>awwwbuy.com Torne as compras no atacado mais convenientes para pequenas empresas em todo o mundo Sobre a awwwbuy Sobre a empresa e nossos servi\u00e7os [...]<\/p>","protected":false},"author":1,"featured_media":0,"parent":0,"menu_order":0,"comment_status":"closed","ping_status":"closed","template":"","meta":{"_uag_custom_page_level_css":"","site-sidebar-layout":"default","site-content-layout":"","ast-site-content-layout":"default","site-content-style":"default","site-sidebar-style":"default","ast-global-header-display":"","ast-banner-title-visibility":"","ast-main-header-display":"","ast-hfb-above-header-display":"","ast-hfb-below-header-display":"","ast-hfb-mobile-header-display":"","site-post-title":"disabled","ast-breadcrumbs-content":"","ast-featured-img":"","footer-sml-layout":"","theme-transparent-header-meta":"","adv-header-id-meta":"","stick-header-meta":"","header-above-stick-meta":"","header-main-stick-meta":"","header-below-stick-meta":"","astra-migrate-meta-layouts":"default","ast-page-background-enabled":"default","ast-page-background-meta":{"desktop":{"background-color":"var(--ast-global-color-4)","background-image":"","background-repeat":"repeat","background-position":"center center","background-size":"auto","background-attachment":"scroll","background-type":"","background-media":"","overlay-type":"","overlay-color":"","overlay-opacity":"","overlay-gradient":""},"tablet":{"background-color":"","background-image":"","background-repeat":"repeat","background-position":"center center","background-size":"auto","background-attachment":"scroll","background-type":"","background-media":"","overlay-type":"","overlay-color":"","overlay-opacity":"","overlay-gradient":""},"mobile":{"background-color":"","background-image":"","background-repeat":"repeat","background-position":"center center","background-size":"auto","background-attachment":"scroll","background-type":"","background-media":"","overlay-type":"","overlay-color":"","overlay-opacity":"","overlay-gradient":""}},"ast-content-background-meta":{"desktop":{"background-color":"var(--ast-global-color-5)","background-image":"","background-repeat":"repeat","background-position":"center center","background-size":"auto","background-attachment":"scroll","background-type":"","background-media":"","overlay-type":"","overlay-color":"","overlay-opacity":"","overlay-gradient":""},"tablet":{"background-color":"var(--ast-global-color-5)","background-image":"","background-repeat":"repeat","background-position":"center center","background-size":"auto","background-attachment":"scroll","background-type":"","background-media":"","overlay-type":"","overlay-color":"","overlay-opacity":"","overlay-gradient":""},"mobile":{"background-color":"var(--ast-global-color-5)","background-image":"","background-repeat":"repeat","background-position":"center center","background-size":"auto","background-attachment":"scroll","background-type":"","background-media":"","overlay-type":"","overlay-color":"","overlay-opacity":"","overlay-gradient":""}},"footnotes":""},"class_list":["post-52","page","type-page","status-publish","hentry"],"uagb_featured_image_src":{"full":false,"thumbnail":false,"medium":false,"medium_large":false,"large":false,"1536x1536":false,"2048x2048":false,"trp-custom-language-flag":false,"mailpoet_newsletter_max":false},"uagb_author_info":{"display_name":"baiduboy","author_link":"https:\/\/blog.awwwbuy.com\/pt\/author\/baiduboy\/"},"uagb_comment_info":0,"uagb_excerpt":"awwwbuy.com Make wholesale purchases more convenient for small businesses around the world About awwwbuy About the company and our services [&hellip;]","_links":{"self":[{"href":"https:\/\/blog.awwwbuy.com\/pt\/wp-json\/wp\/v2\/pages\/52","targetHints":{"allow":["GET"]}}],"collection":[{"href":"https:\/\/blog.awwwbuy.com\/pt\/wp-json\/wp\/v2\/pages"}],"about":[{"href":"https:\/\/blog.awwwbuy.com\/pt\/wp-json\/wp\/v2\/types\/page"}],"author":[{"embeddable":true,"href":"https:\/\/blog.awwwbuy.com\/pt\/wp-json\/wp\/v2\/users\/1"}],"replies":[{"embeddable":true,"href":"https:\/\/blog.awwwbuy.com\/pt\/wp-json\/wp\/v2\/comments?post=52"}],"version-history":[{"count":18,"href":"https:\/\/blog.awwwbuy.com\/pt\/wp-json\/wp\/v2\/pages\/52\/revisions"}],"predecessor-version":[{"id":361,"href":"https:\/\/blog.awwwbuy.com\/pt\/wp-json\/wp\/v2\/pages\/52\/revisions\/361"}],"wp:attachment":[{"href":"https:\/\/blog.awwwbuy.com\/pt\/wp-json\/wp\/v2\/media?parent=52"}],"curies":[{"name":"wp","href":"https:\/\/api.w.org\/{rel}","templated":true}]}}