{"id":53,"date":"2024-09-15T11:54:00","date_gmt":"2024-09-15T03:54:00","guid":{"rendered":"https:\/\/blog.awwwbuy.com\/services\/"},"modified":"2024-12-22T19:31:44","modified_gmt":"2024-12-22T11:31:44","slug":"services","status":"publish","type":"page","link":"https:\/\/blog.awwwbuy.com\/fr\/services\/","title":{"rendered":"Services"},"content":{"rendered":"<div class=\"wp-block-uagb-container uagb-block-a6be1363 alignfull uagb-is-root-container\"><div class=\"uagb-container__shape uagb-container__shape-bottom uagb-container__shape-flip uagb-container__invert\" data-negative=\"false\"><svg xmlns=\"https:\/\/www.w3.org\/2000\/svg\" viewbox=\"0 0 1000 100\" preserveaspectratio=\"none\"><path class=\"uagb-container__shape-fill\" d=\"M0,6V0h1000v100L0,6z\"><\/path><\/svg><\/div><div class=\"uagb-container-inner-blocks-wrap\">\n<div class=\"wp-block-uagb-advanced-heading uagb-block-81d18f4d\"><p class=\"uagb-desc-text\">Services<\/p><h1 class=\"uagb-heading-text\">Fournir un service \u00e0 guichet unique pour vos achats \u00e0 l'\u00e9chelle mondiale<\/h1><\/div>\n<\/div><\/div>\n\n\n\n<div class=\"wp-block-uagb-container uagb-block-5e795505 alignfull uagb-is-root-container\"><div class=\"uagb-container-inner-blocks-wrap\">\n<div class=\"wp-block-uagb-container uagb-layout-flex uagb-block-072f422e\">\n<div class=\"wp-block-uagb-container uagb-layout-grid uagb-block-207e88ff\">\n<div class=\"wp-block-uagb-advanced-heading uagb-block-f273d26c\"><h2 class=\"uagb-heading-text\">01.<\/h2><\/div>\n\n\n\n<div class=\"wp-block-uagb-advanced-heading uagb-block-d4c852b6\"><h3 class=\"uagb-heading-text\">commerce de gros<\/h3><p class=\"uagb-desc-text\">Pour les petites et moyennes entreprises du monde entier, la recherche de produits de haute qualit\u00e9 et rentables, l'achat en une seule fois et la livraison continue et stable de la cha\u00eene d'approvisionnement sont la cl\u00e9 d'un fonctionnement stable de l'entreprise. C'est exactement ce \u00e0 quoi la cha\u00eene d'approvisionnement num\u00e9rique d'awwwbuy excelle.<\/p><\/div>\n<\/div>\n\n\n\n<div class=\"wp-block-uagb-image alignleft uagb-block-0a5f8551 wp-block-uagb-image--layout-default wp-block-uagb-image--effect-static wp-block-uagb-image--align-left\"><figure class=\"wp-block-uagb-image__figure\"><img decoding=\"async\" srcset=\"https:\/\/blog.awwwbuy.com\/wp-content\/uploads\/2024\/09\/pexels-photo-6169136.jpeg ,https:\/\/blog.awwwbuy.com\/wp-content\/uploads\/2024\/09\/pexels-photo-6169136.jpeg 780w, https:\/\/blog.awwwbuy.com\/wp-content\/uploads\/2024\/09\/pexels-photo-6169136.jpeg 360w\" sizes=\"auto, (max-width: 480px) 150px\" src=\"https:\/\/blog.awwwbuy.com\/wp-content\/uploads\/2024\/09\/pexels-photo-6169136.jpeg\" alt=\"\" class=\"uag-image-18\" width=\"500\" height=\"400\" title=\"services-01\" loading=\"lazy\" role=\"img\"\/><\/figure><\/div>\n<\/div>\n\n\n\n<div class=\"wp-block-uagb-container uagb-layout-flex uagb-block-f38d5948\">\n<div class=\"wp-block-uagb-container uagb-layout-grid uagb-block-adcfbba8\">\n<div class=\"wp-block-uagb-advanced-heading uagb-block-b3c9acda\"><h2 class=\"uagb-heading-text\">02.<\/h2><\/div>\n\n\n\n<div class=\"wp-block-uagb-advanced-heading uagb-block-45689c19\"><h3 class=\"uagb-heading-text\">dropshipping<\/h3><p class=\"uagb-desc-text\">Si vous faites du commerce en ligne ou si vous d\u00e9marrez une entreprise, la meilleure fa\u00e7on de commencer est d'utiliser le mod\u00e8le de livraison directe. awwwbuy propose une large gamme de produits \u00e0 des prix tr\u00e8s comp\u00e9titifs. Gr\u00e2ce \u00e0 ses capacit\u00e9s techniques, il peut synchroniser les produits, les commandes et la logistique, ce qui en fait le meilleur partenaire entrepreneurial.<\/p><\/div>\n<\/div>\n\n\n\n<div class=\"wp-block-uagb-image alignleft uagb-block-c01a27df wp-block-uagb-image--layout-default wp-block-uagb-image--effect-static wp-block-uagb-image--align-left\"><figure class=\"wp-block-uagb-image__figure\"><img decoding=\"async\" srcset=\"https:\/\/blog.awwwbuy.com\/wp-content\/uploads\/2024\/09\/pexels-photo-6169056.jpeg ,https:\/\/blog.awwwbuy.com\/wp-content\/uploads\/2024\/09\/pexels-photo-6169056.jpeg 780w, https:\/\/blog.awwwbuy.com\/wp-content\/uploads\/2024\/09\/pexels-photo-6169056.jpeg 360w\" sizes=\"auto, (max-width: 480px) 150px\" src=\"https:\/\/blog.awwwbuy.com\/wp-content\/uploads\/2024\/09\/pexels-photo-6169056.jpeg\" alt=\"\" class=\"uag-image-19\" width=\"500\" height=\"400\" title=\"services-02\" loading=\"lazy\" role=\"img\"\/><\/figure><\/div>\n<\/div>\n\n\n\n<div class=\"wp-block-uagb-container uagb-layout-flex uagb-block-4ee57f3e\">\n<div class=\"wp-block-uagb-container uagb-layout-grid uagb-block-594a8eea\">\n<div class=\"wp-block-uagb-advanced-heading uagb-block-5d6c5941\"><h2 class=\"uagb-heading-text\">03.<\/h2><\/div>\n\n\n\n<div class=\"wp-block-uagb-advanced-heading uagb-block-8d75b0c9\"><h3 class=\"uagb-heading-text\">sourcing<\/h3><p class=\"uagb-desc-text\">Nous disposons d'\u00e9quipes exp\u00e9riment\u00e9es dans le domaine de l'approvisionnement industriel \u00e0 Yiwu, Shenzhen, Guangzhou et dans d'autres endroits, fournissant des services sinc\u00e8res et professionnels pour aider les utilisateurs \u00e0 acheter des produits et \u00e0 entrer en contact avec les usines. Nous pouvons servir de 100 produits \u00e0 un conteneur.<\/p><\/div>\n<\/div>\n\n\n\n<div class=\"wp-block-uagb-image alignleft uagb-block-72d592a2 wp-block-uagb-image--layout-default wp-block-uagb-image--effect-static wp-block-uagb-image--align-left\"><figure class=\"wp-block-uagb-image__figure\"><img decoding=\"async\" srcset=\"https:\/\/blog.awwwbuy.com\/wp-content\/uploads\/2024\/09\/pexels-photo-7363118.jpeg ,https:\/\/blog.awwwbuy.com\/wp-content\/uploads\/2024\/09\/pexels-photo-7363118.jpeg 780w, https:\/\/blog.awwwbuy.com\/wp-content\/uploads\/2024\/09\/pexels-photo-7363118.jpeg 360w\" sizes=\"auto, (max-width: 480px) 150px\" src=\"https:\/\/blog.awwwbuy.com\/wp-content\/uploads\/2024\/09\/pexels-photo-7363118.jpeg\" alt=\"\" class=\"uag-image-20\" width=\"500\" height=\"400\" title=\"services-03\" loading=\"lazy\" role=\"img\"\/><\/figure><\/div>\n<\/div>\n\n\n\n<div class=\"wp-block-uagb-container uagb-layout-flex uagb-block-5b6aae16\">\n<div class=\"wp-block-uagb-container uagb-layout-grid uagb-block-7fd03271\">\n<div class=\"wp-block-uagb-advanced-heading uagb-block-c28dc3f2\"><h2 class=\"uagb-heading-text\">04.<\/h2><\/div>\n\n\n\n<div class=\"wp-block-uagb-advanced-heading uagb-block-584a0e4a\"><h3 class=\"uagb-heading-text\">Num\u00e9risation compl\u00e8te<\/h3><p class=\"uagb-desc-text\">Nous fournissons des services \u00e0 guichet unique allant de l'approvisionnement, du paiement, de l'inspection de la qualit\u00e9, de l'entreposage \u00e0 la logistique internationale, et ces services sont enti\u00e8rement num\u00e9riques, le processus est transparent, simple et pratique.<\/p><\/div>\n<\/div>\n\n\n\n<div class=\"wp-block-uagb-image alignleft uagb-block-b67cef6d wp-block-uagb-image--layout-default wp-block-uagb-image--effect-static wp-block-uagb-image--align-left\"><figure class=\"wp-block-uagb-image__figure\"><img decoding=\"async\" srcset=\"https:\/\/blog.awwwbuy.com\/wp-content\/uploads\/2024\/09\/pexels-photo-17759267.jpeg ,https:\/\/blog.awwwbuy.com\/wp-content\/uploads\/2024\/09\/pexels-photo-17759267.jpeg 780w, https:\/\/blog.awwwbuy.com\/wp-content\/uploads\/2024\/09\/pexels-photo-17759267.jpeg 360w\" sizes=\"auto, (max-width: 480px) 150px\" src=\"https:\/\/blog.awwwbuy.com\/wp-content\/uploads\/2024\/09\/pexels-photo-17759267.jpeg\" alt=\"\" class=\"uag-image-21\" width=\"500\" height=\"400\" title=\"services-04\" loading=\"lazy\" role=\"img\"\/><\/figure><\/div>\n<\/div>\n<\/div><\/div>\n\n\n\n<div class=\"wp-block-uagb-container uagb-block-6f82293b alignfull uagb-is-root-container\"><div class=\"uagb-container__shape uagb-container__shape-top uagb-container__shape-flip\"><svg xmlns=\"https:\/\/www.w3.org\/2000\/svg\" viewbox=\"0 0 1000 100\" preserveaspectratio=\"none\"><path class=\"uagb-container__shape-fill\" d=\"M0,6V0h1000v100L0,6z\"><\/path><\/svg><\/div><div class=\"uagb-container-inner-blocks-wrap\">\n<div class=\"wp-block-uagb-info-box uagb-block-2de13869 uagb-infobox__content-wrap  uagb-infobox-icon-above-title uagb-infobox-image-valign-top wp-block-uagb-info-box--has-margin\"><div class=\"uagb-infobox-margin-wrapper\"><div class=\"uagb-ifb-content\"><div class=\"uagb-ifb-title-wrap\"><span class=\"uagb-ifb-title-prefix\">Rejoignez-nous<\/span><h2 class=\"uagb-ifb-title\">Faciliter les achats en gros pour toutes les petites et moyennes entreprises<\/h2><\/div><p class=\"uagb-ifb-desc\">Enregistrez awwwbuy maintenant et commencez \u00e0 profiter de l'achat en gros \u00e0 guichet unique.<\/p><div class=\"uagb-ifb-button-wrapper wp-block-button\"><a href=\"http:\/\/www.awwwbuy.com\/\" class=\"uagb-infobox-cta-link wp-block-button__link\" target=\"_self\" rel=\"noopener noreferrer\" onclick=\"return true;\"><span class=\"uagb-inline-editing\">Commencer<\/span><\/a><\/div><\/div><\/div><\/div>\n<\/div><\/div>","protected":false},"excerpt":{"rendered":"<p>Services Fournir un service \u00e0 guichet unique pour vos achats internationaux 01. vente en gros Pour les petites et moyennes entreprises du monde entier, trouver des [...]<\/p>","protected":false},"author":1,"featured_media":0,"parent":0,"menu_order":0,"comment_status":"closed","ping_status":"closed","template":"","meta":{"_uag_custom_page_level_css":"","site-sidebar-layout":"default","site-content-layout":"","ast-site-content-layout":"default","site-content-style":"default","site-sidebar-style":"default","ast-global-header-display":"","ast-banner-title-visibility":"","ast-main-header-display":"","ast-hfb-above-header-display":"","ast-hfb-below-header-display":"","ast-hfb-mobile-header-display":"","site-post-title":"disabled","ast-breadcrumbs-content":"","ast-featured-img":"","footer-sml-layout":"","theme-transparent-header-meta":"","adv-header-id-meta":"","stick-header-meta":"","header-above-stick-meta":"","header-main-stick-meta":"","header-below-stick-meta":"","astra-migrate-meta-layouts":"default","ast-page-background-enabled":"default","ast-page-background-meta":{"desktop":{"background-color":"var(--ast-global-color-4)","background-image":"","background-repeat":"repeat","background-position":"center center","background-size":"auto","background-attachment":"scroll","background-type":"","background-media":"","overlay-type":"","overlay-color":"","overlay-opacity":"","overlay-gradient":""},"tablet":{"background-color":"","background-image":"","background-repeat":"repeat","background-position":"center center","background-size":"auto","background-attachment":"scroll","background-type":"","background-media":"","overlay-type":"","overlay-color":"","overlay-opacity":"","overlay-gradient":""},"mobile":{"background-color":"","background-image":"","background-repeat":"repeat","background-position":"center center","background-size":"auto","background-attachment":"scroll","background-type":"","background-media":"","overlay-type":"","overlay-color":"","overlay-opacity":"","overlay-gradient":""}},"ast-content-background-meta":{"desktop":{"background-color":"var(--ast-global-color-5)","background-image":"","background-repeat":"repeat","background-position":"center center","background-size":"auto","background-attachment":"scroll","background-type":"","background-media":"","overlay-type":"","overlay-color":"","overlay-opacity":"","overlay-gradient":""},"tablet":{"background-color":"var(--ast-global-color-5)","background-image":"","background-repeat":"repeat","background-position":"center center","background-size":"auto","background-attachment":"scroll","background-type":"","background-media":"","overlay-type":"","overlay-color":"","overlay-opacity":"","overlay-gradient":""},"mobile":{"background-color":"var(--ast-global-color-5)","background-image":"","background-repeat":"repeat","background-position":"center center","background-size":"auto","background-attachment":"scroll","background-type":"","background-media":"","overlay-type":"","overlay-color":"","overlay-opacity":"","overlay-gradient":""}},"footnotes":""},"class_list":["post-53","page","type-page","status-publish","hentry"],"uagb_featured_image_src":{"full":false,"thumbnail":false,"medium":false,"medium_large":false,"large":false,"1536x1536":false,"2048x2048":false,"trp-custom-language-flag":false,"mailpoet_newsletter_max":false},"uagb_author_info":{"display_name":"baiduboy","author_link":"https:\/\/blog.awwwbuy.com\/fr\/author\/baiduboy\/"},"uagb_comment_info":0,"uagb_excerpt":"Services Provide one-stop service for your global procurement 01. wholesale For small and medium-sized businesses around the world, finding high-quality [&hellip;]","_links":{"self":[{"href":"https:\/\/blog.awwwbuy.com\/fr\/wp-json\/wp\/v2\/pages\/53","targetHints":{"allow":["GET"]}}],"collection":[{"href":"https:\/\/blog.awwwbuy.com\/fr\/wp-json\/wp\/v2\/pages"}],"about":[{"href":"https:\/\/blog.awwwbuy.com\/fr\/wp-json\/wp\/v2\/types\/page"}],"author":[{"embeddable":true,"href":"https:\/\/blog.awwwbuy.com\/fr\/wp-json\/wp\/v2\/users\/1"}],"replies":[{"embeddable":true,"href":"https:\/\/blog.awwwbuy.com\/fr\/wp-json\/wp\/v2\/comments?post=53"}],"version-history":[{"count":7,"href":"https:\/\/blog.awwwbuy.com\/fr\/wp-json\/wp\/v2\/pages\/53\/revisions"}],"predecessor-version":[{"id":342,"href":"https:\/\/blog.awwwbuy.com\/fr\/wp-json\/wp\/v2\/pages\/53\/revisions\/342"}],"wp:attachment":[{"href":"https:\/\/blog.awwwbuy.com\/fr\/wp-json\/wp\/v2\/media?parent=53"}],"curies":[{"name":"wp","href":"https:\/\/api.w.org\/{rel}","templated":true}]}}