{"id":54,"date":"2024-09-15T11:54:00","date_gmt":"2024-09-15T03:54:00","guid":{"rendered":"https:\/\/blog.awwwbuy.com\/contact\/"},"modified":"2024-12-24T10:09:01","modified_gmt":"2024-12-24T02:09:01","slug":"contact","status":"publish","type":"page","link":"https:\/\/blog.awwwbuy.com\/es\/contact\/","title":{"rendered":"P\u00f3ngase en contacto con"},"content":{"rendered":"<div class=\"wp-block-uagb-container uagb-block-a6be1363 alignfull uagb-is-root-container\"><div class=\"uagb-container__shape uagb-container__shape-bottom uagb-container__shape-flip uagb-container__invert\" data-negative=\"false\"><svg xmlns=\"https:\/\/www.w3.org\/2000\/svg\" viewbox=\"0 0 1000 100\" preserveaspectratio=\"none\"><path class=\"uagb-container__shape-fill\" d=\"M0,6V0h1000v100L0,6z\"><\/path><\/svg><\/div><div class=\"uagb-container-inner-blocks-wrap\">\n<div class=\"wp-block-uagb-advanced-heading uagb-block-81d18f4d\"><p class=\"uagb-desc-text\">awwbuy Contacto<\/p><h1 class=\"uagb-heading-text\">P\u00f3ngase en contacto con awwwbuy<\/h1><\/div>\n<\/div><\/div>\n\n\n\n<div class=\"wp-block-uagb-container uagb-block-a2d304eb alignfull uagb-is-root-container\"><div class=\"uagb-container__shape uagb-container__shape-bottom uagb-container__shape-flip uagb-container__invert\" data-negative=\"false\"><svg xmlns=\"https:\/\/www.w3.org\/2000\/svg\" viewbox=\"0 0 1000 100\" preserveaspectratio=\"none\"><path class=\"uagb-container__shape-fill\" d=\"M0,6V0h1000v100L0,6z\"><\/path><\/svg><\/div><div class=\"uagb-container-inner-blocks-wrap\">\n<div class=\"wp-block-uagb-advanced-heading uagb-block-1fd5f659\"><p class=\"uagb-desc-text\">P\u00f3ngase en contacto con<\/p><h2 class=\"uagb-heading-text\">Nuestros datos de contacto y direcci\u00f3n<\/h2><\/div>\n\n\n\n<div class=\"wp-block-uagb-container uagb-block-078241dc\">\n<div class=\"wp-block-uagb-advanced-heading uagb-block-a775041b\"><div class=\"uagb-heading-text\">Tel\u00e9fono<\/div><p class=\"uagb-desc-text\">+86 18516308430<\/p><\/div>\n\n\n\n<div class=\"wp-block-uagb-advanced-heading uagb-block-bacfd3a3\"><div class=\"uagb-heading-text\">Correo electr\u00f3nico<\/div><p class=\"uagb-desc-text\">service@awwwbuy.com<\/p><\/div>\n\n\n\n<div class=\"wp-block-uagb-advanced-heading uagb-block-331c05bb\"><div class=\"uagb-heading-text\">Hong Kong Direcci\u00f3n<\/div><p class=\"uagb-desc-text\">Oficina 1508, 15\u00aa planta, Yarland Centre Office Building II, 625 Nathan Road, Mongkok, Hong Kong,HK<\/p><\/div>\n\n\n\n<div class=\"wp-block-uagb-container uagb-block-443055f5\">\n<div class=\"wp-block-uagb-advanced-heading uagb-block-45d98320\"><div class=\"uagb-heading-text\">Redes sociales<\/div><\/div>\n\n\n\n<div class=\"wp-block-uagb-icon-list uagb-block-27cb2f14\"><div class=\"uagb-icon-list__wrap\">\n<div class=\"wp-block-uagb-icon-list-child uagb-block-fd15eccd\"><a target=\"_blank\" aria-label=\"Elemento de la lista\" rel=\"noopener noreferrer\" href=\"https:\/\/www.facebook.com\/profile.php?id=61564224976860\"> <\/a><span class=\"uagb-icon-list__source-wrap\"><svg xmlns=\"https:\/\/www.w3.org\/2000\/svg\" viewbox=\"0 0 512 512\"><path d=\"M504 256C504 119 393 8 256 8S8 119 8 256c0 123.8 90.69 226.4 209.3 245V327.7h-63V256h63v-54.64c0-62.15 37-96.48 93.67-96.48 27.14 0 55.52 4.84 55.52 4.84v61h-31.28c-30.8 0-40.41 19.12-40.41 38.73V256h68.78l-11 71.69h-57.78V501C413.3 482.4 504 379.8 504 256z\"><\/path><\/svg><\/span><\/div>\n\n\n\n<div class=\"wp-block-uagb-icon-list-child uagb-block-9fb35515\"><a target=\"_blank\" aria-label=\"Elemento de la lista\" rel=\"noopener noreferrer\" href=\"https:\/\/x.com\/awwwbuy\"> <\/a><span class=\"uagb-icon-list__source-wrap\"><svg xmlns=\"https:\/\/www.w3.org\/2000\/svg\" viewbox=\"0 0 512 512\"><path d=\"M459.4 151.7c.325 4.548 .325 9.097 .325 13.65 0 138.7-105.6 298.6-298.6 298.6-59.45 0-114.7-17.22-161.1-47.11 8.447 .974 16.57 1.299 25.34 1.299 49.06 0 94.21-16.57 130.3-44.83-46.13-.975-84.79-31.19-98.11-72.77 6.498 .974 12.99 1.624 19.82 1.624 9.421 0 18.84-1.3 27.61-3.573-48.08-9.747-84.14-51.98-84.14-102.1v-1.299c13.97 7.797 30.21 12.67 47.43 13.32-28.26-18.84-46.78-51.01-46.78-87.39 0-19.49 5.197-37.36 14.29-52.95 51.65 63.67 129.3 105.3 216.4 109.8-1.624-7.797-2.599-15.92-2.599-24.04 0-57.83 46.78-104.9 104.9-104.9 30.21 0 57.5 12.67 76.67 33.14 23.72-4.548 46.46-13.32 66.6-25.34-7.798 24.37-24.37 44.83-46.13 57.83 21.12-2.273 41.58-8.122 60.43-16.24-14.29 20.79-32.16 39.31-52.63 54.25z\"><\/path><\/svg><\/span><\/div>\n\n\n\n<div class=\"wp-block-uagb-icon-list-child uagb-block-d1934bf2\"><a target=\"_blank\" aria-label=\"Elemento de la lista\" rel=\"noopener noreferrer\" href=\"https:\/\/www.instagram.com\/awwwbuy\/\"> <\/a><span class=\"uagb-icon-list__source-wrap\"><svg xmlns=\"https:\/\/www.w3.org\/2000\/svg\" viewbox=\"0 0 448 512\"><path d=\"M224.1 141c-63.6 0-114.9 51.3-114.9 114.9s51.3 114.9 114.9 114.9S339 319.5 339 255.9 287.7 141 224.1 141zm0 189.6c-41.1 0-74.7-33.5-74.7-74.7s33.5-74.7 74.7-74.7 74.7 33.5 74.7 74.7-33.6 74.7-74.7 74.7zm146.4-194.3c0 14.9-12 26.8-26.8 26.8-14.9 0-26.8-12-26.8-26.8s12-26.8 26.8-26.8 26.8 12 26.8 26.8zm76.1 27.2c-1.7-35.9-9.9-67.7-36.2-93.9-26.2-26.2-58-34.4-93.9-36.2-37-2.1-147.9-2.1-184.9 0-35.8 1.7-67.6 9.9-93.9 36.1s-34.4 58-36.2 93.9c-2.1 37-2.1 147.9 0 184.9 1.7 35.9 9.9 67.7 36.2 93.9s58 34.4 93.9 36.2c37 2.1 147.9 2.1 184.9 0 35.9-1.7 67.7-9.9 93.9-36.2 26.2-26.2 34.4-58 36.2-93.9 2.1-37 2.1-147.8 0-184.8zM398.8 388c-7.8 19.6-22.9 34.7-42.6 42.6-29.5 11.7-99.5 9-132.1 9s-102.7 2.6-132.1-9c-19.6-7.8-34.7-22.9-42.6-42.6-11.7-29.5-9-99.5-9-132.1s-2.6-102.7 9-132.1c7.8-19.6 22.9-34.7 42.6-42.6 29.5-11.7 99.5-9 132.1-9s102.7-2.6 132.1 9c19.6 7.8 34.7 22.9 42.6 42.6 11.7 29.5 9 99.5 9 132.1s2.7 102.7-9 132.1z\"><\/path><\/svg><\/span><\/div>\n\n\n\n<div class=\"wp-block-uagb-icon-list-child uagb-block-c601cc54\"><a target=\"_blank\" aria-label=\"Elemento de la lista\" rel=\"noopener noreferrer\" href=\"https:\/\/youtube.com\/@awwwbuy\"> <\/a><span class=\"uagb-icon-list__source-wrap\"><svg xmlns=\"https:\/\/www.w3.org\/2000\/svg\" viewbox=\"0 0 576 512\"><path d=\"M549.7 124.1c-6.281-23.65-24.79-42.28-48.28-48.6C458.8 64 288 64 288 64S117.2 64 74.63 75.49c-23.5 6.322-42 24.95-48.28 48.6-11.41 42.87-11.41 132.3-11.41 132.3s0 89.44 11.41 132.3c6.281 23.65 24.79 41.5 48.28 47.82C117.2 448 288 448 288 448s170.8 0 213.4-11.49c23.5-6.321 42-24.17 48.28-47.82 11.41-42.87 11.41-132.3 11.41-132.3s0-89.44-11.41-132.3zm-317.5 213.5V175.2l142.7 81.21-142.7 81.2z\"><\/path><\/svg><\/span><\/div>\n<\/div><\/div>\n<\/div>\n<\/div>\n<\/div><\/div>\n\n\n\n<div class=\"wp-block-uagb-container uagb-layout-grid uagb-block-b35a9a4b alignfull uagb-is-root-container\"><div class=\"uagb-container-inner-blocks-wrap\">\n<div class=\"wp-block-uagb-container uagb-block-67c1e4f4\">\n<div class=\"wp-block-uagb-advanced-heading uagb-block-63a3ae2e\"><h2 class=\"uagb-heading-text\">Rellene el formulario para ponerse en contacto con nosotros<\/h2><\/div>\n\n\n\n<div class=\"wp-block-uagb-forms uagb-forms__outer-wrap uagb-block-cddf3031 uagb-forms__medium-btn\"><form class=\"uagb-forms-main-form\" method=\"post\" autocomplete=\"on\" name=\"uagb-form-cddf3031\" action=\"\">\n<div class=\"wp-block-uagb-forms-name uagb-forms-name-wrap uagb-forms-field-set uagb-block-1e531169\"><div class=\"uagb-forms-name-label required uagb-forms-input-label\" id=\"1e531169\">Nombre<\/div><input type=\"text\" placeholder=\"Nombre\" required class=\"uagb-forms-name-input uagb-forms-input\" name=\"1e531169\" autocomplete=\"given-name\"\/><\/div>\n\n\n\n<div class=\"wp-block-uagb-forms-email uagb-forms-email-wrap uagb-forms-field-set uagb-block-12a8601e\"><div class=\"uagb-forms-email-label  uagb-forms-input-label\" id=\"12a8601e\">Correo electr\u00f3nico<\/div><input type=\"email\" class=\"uagb-forms-email-input uagb-forms-input\" placeholder=\"Direcci\u00f3n de correo electr\u00f3nico\" name=\"12a8601e\" autocomplete=\"email\"\/><\/div>\n\n\n\n<div class=\"wp-block-uagb-forms-textarea uagb-forms-textarea-wrap uagb-forms-field-set uagb-block-14fa1dcd\"><div class=\"uagb-forms-textarea-label required uagb-forms-input-label\" id=\"14fa1dcd\">Mensaje<\/div><textarea required class=\"uagb-forms-textarea-input uagb-forms-input\" rows=\"6\" placeholder=\"Descripci\u00f3n del contenido de la cooperaci\u00f3n\" name=\"14fa1dcd\" autocomplete=\"off\"><\/textarea><\/div>\n<div class=\"uagb-forms-form-hidden-data\"><input type=\"hidden\" class=\"uagb_forms_form_label\" value=\"Spectra Form\"\/><input type=\"hidden\" class=\"uagb_forms_form_id\" value=\"uagb-form-cddf3031\"\/><\/div><div class=\"uagb-form-reacaptcha-error-cddf3031\"><\/div><div class=\"uagb-forms-main-submit-button-wrap wp-block-button\"><button class=\"uagb-forms-main-submit-button wp-block-button__link\"><div class=\"uagb-forms-main-submit-button-text\">enviar<\/div><\/button><\/div><input type=\"hidden\" name=\"trp-form-language\" value=\"es\"\/><\/form><div class=\"uagb-forms-success-message-cddf3031 uagb-forms-submit-message-hide\"><span>El formulario se ha enviado correctamente.<\/span><\/div><div class=\"uagb-forms-failed-message-cddf3031 uagb-forms-submit-message-hide\"><span>Se ha producido un error al enviar el formulario. Por favor, compruebe de nuevo todos los campos del formulario.<\/span><\/div><\/div>\n<\/div>\n\n\n\t\t\t<div \n\t\t\tclass=\"wp-block-uagb-google-map uagb-google-map__wrap uagb-block-f38b1dd8\"\n\t\t\tstyle=\"\" >\n\t\t\t\t<embed\n\t\t\t\t\tclass=\"uagb-google-map__iframe\"\n\t\t\t\t\ttitle=\"Mapa de Google de\"\n\t\t\t\t\tsrc=\"https:\/\/maps.google.com\/maps?q=Room%201508%2C%2015th%20Floor%2C%20Yarland%20Centre%20Office%20Building%20II%2C%20625%20Nathan%20Road%2C%20Mongkok%2C%20Hong%20Kong%2CHK&#038;z=12&#038;hl=en&#038;t=m&#038;output=embed&#038;iwloc=near\"\n\t\t\t\t\twidth=\"640\"\n\t\t\t\t\theight=\"500\"\n\t\t\t\t\tloading=\"lazy\"\n\t\t\t\t><\/embed>\n\t\t\t<\/div>\n\t\t\t<\/div><\/div>\n\n\n\n<div class=\"wp-block-uagb-container uagb-block-6f82293b alignfull uagb-is-root-container\"><div class=\"uagb-container__shape uagb-container__shape-top uagb-container__shape-flip\"><svg xmlns=\"https:\/\/www.w3.org\/2000\/svg\" viewbox=\"0 0 1000 100\" preserveaspectratio=\"none\"><path class=\"uagb-container__shape-fill\" d=\"M0,6V0h1000v100L0,6z\"><\/path><\/svg><\/div><div class=\"uagb-container-inner-blocks-wrap\">\n<div class=\"wp-block-uagb-info-box uagb-block-2de13869 uagb-infobox__content-wrap  uagb-infobox-icon-above-title uagb-infobox-image-valign-top wp-block-uagb-info-box--has-margin\"><div class=\"uagb-infobox-margin-wrapper\"><div class=\"uagb-ifb-content\"><div class=\"uagb-ifb-title-wrap\"><span class=\"uagb-ifb-title-prefix\">\u00danete ahora<\/span><h2 class=\"uagb-ifb-title\">Hacer m\u00e1s c\u00f3modas las compras al por mayor para todas las peque\u00f1as y medianas empresas<\/h2><\/div><p class=\"uagb-ifb-desc\">Reg\u00edstrese ahora en awwwbuy y empiece a disfrutar de la compra al por mayor en un solo lugar<\/p><div class=\"uagb-ifb-button-wrapper wp-block-button\"><a href=\"http:\/\/www.awwwbuy.com\/\" class=\"uagb-infobox-cta-link wp-block-button__link\" target=\"_self\" rel=\"noopener noreferrer\" onclick=\"return true;\"><span class=\"uagb-inline-editing\">Comenzar<\/span><\/a><\/div><\/div><\/div><\/div>\n<\/div><\/div>","protected":false},"excerpt":{"rendered":"<p>awwbuy Contacto P\u00f3ngase en contacto con awwwbuy para realizar consultas Contacto Nuestros datos de contacto y direcci\u00f3n Tel\u00e9fono +86 18516308430 Correo electr\u00f3nico service@awwwbuy.com Hong Kong Direcci\u00f3n [...]<\/p>","protected":false},"author":1,"featured_media":0,"parent":0,"menu_order":0,"comment_status":"closed","ping_status":"closed","template":"","meta":{"_uag_custom_page_level_css":"","site-sidebar-layout":"default","site-content-layout":"","ast-site-content-layout":"default","site-content-style":"default","site-sidebar-style":"default","ast-global-header-display":"","ast-banner-title-visibility":"","ast-main-header-display":"","ast-hfb-above-header-display":"","ast-hfb-below-header-display":"","ast-hfb-mobile-header-display":"","site-post-title":"disabled","ast-breadcrumbs-content":"","ast-featured-img":"","footer-sml-layout":"","theme-transparent-header-meta":"","adv-header-id-meta":"","stick-header-meta":"","header-above-stick-meta":"","header-main-stick-meta":"","header-below-stick-meta":"","astra-migrate-meta-layouts":"default","ast-page-background-enabled":"default","ast-page-background-meta":{"desktop":{"background-color":"var(--ast-global-color-4)","background-image":"","background-repeat":"repeat","background-position":"center center","background-size":"auto","background-attachment":"scroll","background-type":"","background-media":"","overlay-type":"","overlay-color":"","overlay-opacity":"","overlay-gradient":""},"tablet":{"background-color":"","background-image":"","background-repeat":"repeat","background-position":"center center","background-size":"auto","background-attachment":"scroll","background-type":"","background-media":"","overlay-type":"","overlay-color":"","overlay-opacity":"","overlay-gradient":""},"mobile":{"background-color":"","background-image":"","background-repeat":"repeat","background-position":"center center","background-size":"auto","background-attachment":"scroll","background-type":"","background-media":"","overlay-type":"","overlay-color":"","overlay-opacity":"","overlay-gradient":""}},"ast-content-background-meta":{"desktop":{"background-color":"var(--ast-global-color-5)","background-image":"","background-repeat":"repeat","background-position":"center center","background-size":"auto","background-attachment":"scroll","background-type":"","background-media":"","overlay-type":"","overlay-color":"","overlay-opacity":"","overlay-gradient":""},"tablet":{"background-color":"var(--ast-global-color-5)","background-image":"","background-repeat":"repeat","background-position":"center center","background-size":"auto","background-attachment":"scroll","background-type":"","background-media":"","overlay-type":"","overlay-color":"","overlay-opacity":"","overlay-gradient":""},"mobile":{"background-color":"var(--ast-global-color-5)","background-image":"","background-repeat":"repeat","background-position":"center center","background-size":"auto","background-attachment":"scroll","background-type":"","background-media":"","overlay-type":"","overlay-color":"","overlay-opacity":"","overlay-gradient":""}},"footnotes":""},"class_list":["post-54","page","type-page","status-publish","hentry"],"uagb_featured_image_src":{"full":false,"thumbnail":false,"medium":false,"medium_large":false,"large":false,"1536x1536":false,"2048x2048":false,"trp-custom-language-flag":false,"mailpoet_newsletter_max":false},"uagb_author_info":{"display_name":"baiduboy","author_link":"https:\/\/blog.awwwbuy.com\/es\/author\/baiduboy\/"},"uagb_comment_info":0,"uagb_excerpt":"awwbuy Contact Contact awwwbuy for consultation Contact Our contact details and address Telephone +86 18516308430 Email service@awwwbuy.com Hong Kong Address [&hellip;]","_links":{"self":[{"href":"https:\/\/blog.awwwbuy.com\/es\/wp-json\/wp\/v2\/pages\/54","targetHints":{"allow":["GET"]}}],"collection":[{"href":"https:\/\/blog.awwwbuy.com\/es\/wp-json\/wp\/v2\/pages"}],"about":[{"href":"https:\/\/blog.awwwbuy.com\/es\/wp-json\/wp\/v2\/types\/page"}],"author":[{"embeddable":true,"href":"https:\/\/blog.awwwbuy.com\/es\/wp-json\/wp\/v2\/users\/1"}],"replies":[{"embeddable":true,"href":"https:\/\/blog.awwwbuy.com\/es\/wp-json\/wp\/v2\/comments?post=54"}],"version-history":[{"count":6,"href":"https:\/\/blog.awwwbuy.com\/es\/wp-json\/wp\/v2\/pages\/54\/revisions"}],"predecessor-version":[{"id":366,"href":"https:\/\/blog.awwwbuy.com\/es\/wp-json\/wp\/v2\/pages\/54\/revisions\/366"}],"wp:attachment":[{"href":"https:\/\/blog.awwwbuy.com\/es\/wp-json\/wp\/v2\/media?parent=54"}],"curies":[{"name":"wp","href":"https:\/\/api.w.org\/{rel}","templated":true}]}}