{"id":53,"date":"2024-09-15T11:54:00","date_gmt":"2024-09-15T03:54:00","guid":{"rendered":"https:\/\/blog.awwwbuy.com\/services\/"},"modified":"2024-12-22T19:31:44","modified_gmt":"2024-12-22T11:31:44","slug":"services","status":"publish","type":"page","link":"https:\/\/blog.awwwbuy.com\/es\/services\/","title":{"rendered":"Servicios"},"content":{"rendered":"<div class=\"wp-block-uagb-container uagb-block-a6be1363 alignfull uagb-is-root-container\"><div class=\"uagb-container__shape uagb-container__shape-bottom uagb-container__shape-flip uagb-container__invert\" data-negative=\"false\"><svg xmlns=\"https:\/\/www.w3.org\/2000\/svg\" viewbox=\"0 0 1000 100\" preserveaspectratio=\"none\"><path class=\"uagb-container__shape-fill\" d=\"M0,6V0h1000v100L0,6z\"><\/path><\/svg><\/div><div class=\"uagb-container-inner-blocks-wrap\">\n<div class=\"wp-block-uagb-advanced-heading uagb-block-81d18f4d\"><p class=\"uagb-desc-text\">Servicios<\/p><h1 class=\"uagb-heading-text\">Un servicio integral para sus compras globales<\/h1><\/div>\n<\/div><\/div>\n\n\n\n<div class=\"wp-block-uagb-container uagb-block-5e795505 alignfull uagb-is-root-container\"><div class=\"uagb-container-inner-blocks-wrap\">\n<div class=\"wp-block-uagb-container uagb-layout-flex uagb-block-072f422e\">\n<div class=\"wp-block-uagb-container uagb-layout-grid uagb-block-207e88ff\">\n<div class=\"wp-block-uagb-advanced-heading uagb-block-f273d26c\"><h2 class=\"uagb-heading-text\">01.<\/h2><\/div>\n\n\n\n<div class=\"wp-block-uagb-advanced-heading uagb-block-d4c852b6\"><h3 class=\"uagb-heading-text\">venta al por mayor<\/h3><p class=\"uagb-desc-text\">Para las peque\u00f1as y medianas empresas de todo el mundo, encontrar productos de alta calidad y rentables, realizar la compra en un solo lugar y, posteriormente, realizar una entrega continua y estable de la cadena de suministro son la clave para un funcionamiento estable de la empresa. Esto es exactamente en lo que destaca la cadena de suministro digital de awwwbuy.<\/p><\/div>\n<\/div>\n\n\n\n<div class=\"wp-block-uagb-image alignleft uagb-block-0a5f8551 wp-block-uagb-image--layout-default wp-block-uagb-image--effect-static wp-block-uagb-image--align-left\"><figure class=\"wp-block-uagb-image__figure\"><img decoding=\"async\" srcset=\"https:\/\/blog.awwwbuy.com\/wp-content\/uploads\/2024\/09\/pexels-photo-6169136.jpeg ,https:\/\/blog.awwwbuy.com\/wp-content\/uploads\/2024\/09\/pexels-photo-6169136.jpeg 780w, https:\/\/blog.awwwbuy.com\/wp-content\/uploads\/2024\/09\/pexels-photo-6169136.jpeg 360w\" sizes=\"auto, (max-width: 480px) 150px\" src=\"https:\/\/blog.awwwbuy.com\/wp-content\/uploads\/2024\/09\/pexels-photo-6169136.jpeg\" alt=\"\" class=\"uag-image-18\" width=\"500\" height=\"400\" title=\"servicios-01\" loading=\"lazy\" role=\"img\"\/><\/figure><\/div>\n<\/div>\n\n\n\n<div class=\"wp-block-uagb-container uagb-layout-flex uagb-block-f38d5948\">\n<div class=\"wp-block-uagb-container uagb-layout-grid uagb-block-adcfbba8\">\n<div class=\"wp-block-uagb-advanced-heading uagb-block-b3c9acda\"><h2 class=\"uagb-heading-text\">02.<\/h2><\/div>\n\n\n\n<div class=\"wp-block-uagb-advanced-heading uagb-block-45689c19\"><h3 class=\"uagb-heading-text\">dropshipping<\/h3><p class=\"uagb-desc-text\">Si usted est\u00e1 haciendo negocios en l\u00ednea o iniciar un negocio, la mejor manera de empezar es utilizar el modelo de env\u00edo de la gota. awwwbuy tiene una amplia gama de productos con alto rendimiento de costes. Gracias a sus capacidades t\u00e9cnicas, puede sincronizar productos, pedidos y log\u00edstica, lo que lo convierte en el mejor socio empresarial.<\/p><\/div>\n<\/div>\n\n\n\n<div class=\"wp-block-uagb-image alignleft uagb-block-c01a27df wp-block-uagb-image--layout-default wp-block-uagb-image--effect-static wp-block-uagb-image--align-left\"><figure class=\"wp-block-uagb-image__figure\"><img decoding=\"async\" srcset=\"https:\/\/blog.awwwbuy.com\/wp-content\/uploads\/2024\/09\/pexels-photo-6169056.jpeg ,https:\/\/blog.awwwbuy.com\/wp-content\/uploads\/2024\/09\/pexels-photo-6169056.jpeg 780w, https:\/\/blog.awwwbuy.com\/wp-content\/uploads\/2024\/09\/pexels-photo-6169056.jpeg 360w\" sizes=\"auto, (max-width: 480px) 150px\" src=\"https:\/\/blog.awwwbuy.com\/wp-content\/uploads\/2024\/09\/pexels-photo-6169056.jpeg\" alt=\"\" class=\"uag-image-19\" width=\"500\" height=\"400\" title=\"servicios-02\" loading=\"lazy\" role=\"img\"\/><\/figure><\/div>\n<\/div>\n\n\n\n<div class=\"wp-block-uagb-container uagb-layout-flex uagb-block-4ee57f3e\">\n<div class=\"wp-block-uagb-container uagb-layout-grid uagb-block-594a8eea\">\n<div class=\"wp-block-uagb-advanced-heading uagb-block-5d6c5941\"><h2 class=\"uagb-heading-text\">03.<\/h2><\/div>\n\n\n\n<div class=\"wp-block-uagb-advanced-heading uagb-block-8d75b0c9\"><h3 class=\"uagb-heading-text\">abastecimiento<\/h3><p class=\"uagb-desc-text\">Contamos con experimentados equipos de adquisici\u00f3n de la industria en Yiwu, Shenzhen, Guangzhou y otros lugares, proporcionando servicios sinceros y profesionales para ayudar a los usuarios a comprar productos y conectar con las f\u00e1bricas. Podemos servir desde 100 productos hasta un contenedor.<\/p><\/div>\n<\/div>\n\n\n\n<div class=\"wp-block-uagb-image alignleft uagb-block-72d592a2 wp-block-uagb-image--layout-default wp-block-uagb-image--effect-static wp-block-uagb-image--align-left\"><figure class=\"wp-block-uagb-image__figure\"><img decoding=\"async\" srcset=\"https:\/\/blog.awwwbuy.com\/wp-content\/uploads\/2024\/09\/pexels-photo-7363118.jpeg ,https:\/\/blog.awwwbuy.com\/wp-content\/uploads\/2024\/09\/pexels-photo-7363118.jpeg 780w, https:\/\/blog.awwwbuy.com\/wp-content\/uploads\/2024\/09\/pexels-photo-7363118.jpeg 360w\" sizes=\"auto, (max-width: 480px) 150px\" src=\"https:\/\/blog.awwwbuy.com\/wp-content\/uploads\/2024\/09\/pexels-photo-7363118.jpeg\" alt=\"\" class=\"uag-image-20\" width=\"500\" height=\"400\" title=\"servicios-03\" loading=\"lazy\" role=\"img\"\/><\/figure><\/div>\n<\/div>\n\n\n\n<div class=\"wp-block-uagb-container uagb-layout-flex uagb-block-5b6aae16\">\n<div class=\"wp-block-uagb-container uagb-layout-grid uagb-block-7fd03271\">\n<div class=\"wp-block-uagb-advanced-heading uagb-block-c28dc3f2\"><h2 class=\"uagb-heading-text\">04.<\/h2><\/div>\n\n\n\n<div class=\"wp-block-uagb-advanced-heading uagb-block-584a0e4a\"><h3 class=\"uagb-heading-text\">Digitalizaci\u00f3n total<\/h3><p class=\"uagb-desc-text\">Ofrecemos servicios integrales, desde la adquisici\u00f3n, el pago, la inspecci\u00f3n de calidad y el almacenamiento hasta la log\u00edstica internacional, y estos servicios son totalmente digitales, el proceso es transparente, sencillo y c\u00f3modo.<\/p><\/div>\n<\/div>\n\n\n\n<div class=\"wp-block-uagb-image alignleft uagb-block-b67cef6d wp-block-uagb-image--layout-default wp-block-uagb-image--effect-static wp-block-uagb-image--align-left\"><figure class=\"wp-block-uagb-image__figure\"><img decoding=\"async\" srcset=\"https:\/\/blog.awwwbuy.com\/wp-content\/uploads\/2024\/09\/pexels-photo-17759267.jpeg ,https:\/\/blog.awwwbuy.com\/wp-content\/uploads\/2024\/09\/pexels-photo-17759267.jpeg 780w, https:\/\/blog.awwwbuy.com\/wp-content\/uploads\/2024\/09\/pexels-photo-17759267.jpeg 360w\" sizes=\"auto, (max-width: 480px) 150px\" src=\"https:\/\/blog.awwwbuy.com\/wp-content\/uploads\/2024\/09\/pexels-photo-17759267.jpeg\" alt=\"\" class=\"uag-image-21\" width=\"500\" height=\"400\" title=\"servicios-04\" loading=\"lazy\" role=\"img\"\/><\/figure><\/div>\n<\/div>\n<\/div><\/div>\n\n\n\n<div class=\"wp-block-uagb-container uagb-block-6f82293b alignfull uagb-is-root-container\"><div class=\"uagb-container__shape uagb-container__shape-top uagb-container__shape-flip\"><svg xmlns=\"https:\/\/www.w3.org\/2000\/svg\" viewbox=\"0 0 1000 100\" preserveaspectratio=\"none\"><path class=\"uagb-container__shape-fill\" d=\"M0,6V0h1000v100L0,6z\"><\/path><\/svg><\/div><div class=\"uagb-container-inner-blocks-wrap\">\n<div class=\"wp-block-uagb-info-box uagb-block-2de13869 uagb-infobox__content-wrap  uagb-infobox-icon-above-title uagb-infobox-image-valign-top wp-block-uagb-info-box--has-margin\"><div class=\"uagb-infobox-margin-wrapper\"><div class=\"uagb-ifb-content\"><div class=\"uagb-ifb-title-wrap\"><span class=\"uagb-ifb-title-prefix\">\u00danete ahora<\/span><h2 class=\"uagb-ifb-title\">Hacer m\u00e1s c\u00f3modas las compras al por mayor para todas las peque\u00f1as y medianas empresas<\/h2><\/div><p class=\"uagb-ifb-desc\">Reg\u00edstrese ahora en awwwbuy y empiece a disfrutar de la compra al por mayor en un solo lugar<\/p><div class=\"uagb-ifb-button-wrapper wp-block-button\"><a href=\"http:\/\/www.awwwbuy.com\/\" class=\"uagb-infobox-cta-link wp-block-button__link\" target=\"_self\" rel=\"noopener noreferrer\" onclick=\"return true;\"><span class=\"uagb-inline-editing\">Comenzar<\/span><\/a><\/div><\/div><\/div><\/div>\n<\/div><\/div>","protected":false},"excerpt":{"rendered":"<p>Servicios Proporcionar un servicio integral para sus compras globales 01. al por mayor Para las peque\u00f1as y medianas empresas de todo el mundo, encontrar [...]<\/p>","protected":false},"author":1,"featured_media":0,"parent":0,"menu_order":0,"comment_status":"closed","ping_status":"closed","template":"","meta":{"_uag_custom_page_level_css":"","site-sidebar-layout":"default","site-content-layout":"","ast-site-content-layout":"default","site-content-style":"default","site-sidebar-style":"default","ast-global-header-display":"","ast-banner-title-visibility":"","ast-main-header-display":"","ast-hfb-above-header-display":"","ast-hfb-below-header-display":"","ast-hfb-mobile-header-display":"","site-post-title":"disabled","ast-breadcrumbs-content":"","ast-featured-img":"","footer-sml-layout":"","theme-transparent-header-meta":"","adv-header-id-meta":"","stick-header-meta":"","header-above-stick-meta":"","header-main-stick-meta":"","header-below-stick-meta":"","astra-migrate-meta-layouts":"default","ast-page-background-enabled":"default","ast-page-background-meta":{"desktop":{"background-color":"var(--ast-global-color-4)","background-image":"","background-repeat":"repeat","background-position":"center center","background-size":"auto","background-attachment":"scroll","background-type":"","background-media":"","overlay-type":"","overlay-color":"","overlay-opacity":"","overlay-gradient":""},"tablet":{"background-color":"","background-image":"","background-repeat":"repeat","background-position":"center center","background-size":"auto","background-attachment":"scroll","background-type":"","background-media":"","overlay-type":"","overlay-color":"","overlay-opacity":"","overlay-gradient":""},"mobile":{"background-color":"","background-image":"","background-repeat":"repeat","background-position":"center center","background-size":"auto","background-attachment":"scroll","background-type":"","background-media":"","overlay-type":"","overlay-color":"","overlay-opacity":"","overlay-gradient":""}},"ast-content-background-meta":{"desktop":{"background-color":"var(--ast-global-color-5)","background-image":"","background-repeat":"repeat","background-position":"center center","background-size":"auto","background-attachment":"scroll","background-type":"","background-media":"","overlay-type":"","overlay-color":"","overlay-opacity":"","overlay-gradient":""},"tablet":{"background-color":"var(--ast-global-color-5)","background-image":"","background-repeat":"repeat","background-position":"center center","background-size":"auto","background-attachment":"scroll","background-type":"","background-media":"","overlay-type":"","overlay-color":"","overlay-opacity":"","overlay-gradient":""},"mobile":{"background-color":"var(--ast-global-color-5)","background-image":"","background-repeat":"repeat","background-position":"center center","background-size":"auto","background-attachment":"scroll","background-type":"","background-media":"","overlay-type":"","overlay-color":"","overlay-opacity":"","overlay-gradient":""}},"footnotes":""},"class_list":["post-53","page","type-page","status-publish","hentry"],"uagb_featured_image_src":{"full":false,"thumbnail":false,"medium":false,"medium_large":false,"large":false,"1536x1536":false,"2048x2048":false,"trp-custom-language-flag":false,"mailpoet_newsletter_max":false},"uagb_author_info":{"display_name":"baiduboy","author_link":"https:\/\/blog.awwwbuy.com\/es\/author\/baiduboy\/"},"uagb_comment_info":0,"uagb_excerpt":"Services Provide one-stop service for your global procurement 01. wholesale For small and medium-sized businesses around the world, finding high-quality [&hellip;]","_links":{"self":[{"href":"https:\/\/blog.awwwbuy.com\/es\/wp-json\/wp\/v2\/pages\/53","targetHints":{"allow":["GET"]}}],"collection":[{"href":"https:\/\/blog.awwwbuy.com\/es\/wp-json\/wp\/v2\/pages"}],"about":[{"href":"https:\/\/blog.awwwbuy.com\/es\/wp-json\/wp\/v2\/types\/page"}],"author":[{"embeddable":true,"href":"https:\/\/blog.awwwbuy.com\/es\/wp-json\/wp\/v2\/users\/1"}],"replies":[{"embeddable":true,"href":"https:\/\/blog.awwwbuy.com\/es\/wp-json\/wp\/v2\/comments?post=53"}],"version-history":[{"count":7,"href":"https:\/\/blog.awwwbuy.com\/es\/wp-json\/wp\/v2\/pages\/53\/revisions"}],"predecessor-version":[{"id":342,"href":"https:\/\/blog.awwwbuy.com\/es\/wp-json\/wp\/v2\/pages\/53\/revisions\/342"}],"wp:attachment":[{"href":"https:\/\/blog.awwwbuy.com\/es\/wp-json\/wp\/v2\/media?parent=53"}],"curies":[{"name":"wp","href":"https:\/\/api.w.org\/{rel}","templated":true}]}}