{"id":52,"date":"2024-09-15T11:54:00","date_gmt":"2024-09-15T03:54:00","guid":{"rendered":"https:\/\/blog.awwwbuy.com\/about\/"},"modified":"2024-12-22T20:29:21","modified_gmt":"2024-12-22T12:29:21","slug":"about","status":"publish","type":"page","link":"https:\/\/blog.awwwbuy.com\/es\/about\/","title":{"rendered":"Acerca de"},"content":{"rendered":"<div class=\"wp-block-uagb-container uagb-block-a6be1363 alignfull uagb-is-root-container\"><div class=\"uagb-container__shape uagb-container__shape-bottom uagb-container__shape-flip uagb-container__invert\" data-negative=\"false\"><svg xmlns=\"https:\/\/www.w3.org\/2000\/svg\" viewbox=\"0 0 1000 100\" preserveaspectratio=\"none\"><path class=\"uagb-container__shape-fill\" d=\"M0,6V0h1000v100L0,6z\"><\/path><\/svg><\/div><div class=\"uagb-container-inner-blocks-wrap\">\n<div class=\"wp-block-uagb-advanced-heading uagb-block-81d18f4d\"><p class=\"uagb-desc-text\">awwwbuy.com<\/p><h1 class=\"uagb-heading-text\">Facilitar las compras al por mayor a las peque\u00f1as empresas de todo el mundo<\/h1><\/div>\n<\/div><\/div>\n\n\n\n<div class=\"wp-block-uagb-container uagb-block-9dbb18d7 alignfull uagb-is-root-container\"><div class=\"uagb-container-inner-blocks-wrap\">\n<div class=\"wp-block-uagb-advanced-heading uagb-block-1fd5f659\"><p class=\"uagb-desc-text\">Acerca de awwwbuy<\/p><h2 class=\"uagb-heading-text\">Acerca de la empresa y nuestros servicios<\/h2><\/div>\n\n\n\n<div class=\"wp-block-uagb-container uagb-layout-grid uagb-block-84e20ad5\">\n<div class=\"wp-block-uagb-image alignleft uagb-block-52eed376 wp-block-uagb-image--layout-default wp-block-uagb-image--effect-static wp-block-uagb-image--align-left\"><figure class=\"wp-block-uagb-image__figure\"><img decoding=\"async\" srcset=\"https:\/\/blog.awwwbuy.com\/wp-content\/uploads\/2024\/09\/pexels-photo-2226458.jpeg ,https:\/\/blog.awwwbuy.com\/wp-content\/uploads\/2024\/09\/pexels-photo-2226458.jpeg 780w, https:\/\/blog.awwwbuy.com\/wp-content\/uploads\/2024\/09\/pexels-photo-2226458.jpeg 360w\" sizes=\"auto, (max-width: 480px) 150px\" src=\"https:\/\/blog.awwwbuy.com\/wp-content\/uploads\/2024\/09\/pexels-photo-2226458.jpeg\" alt=\"\" class=\"uag-image-17\" width=\"500\" height=\"450\" title=\"qui\u00e9nes somos\" loading=\"lazy\" role=\"img\"\/><\/figure><\/div>\n\n\n\n<div class=\"wp-block-uagb-info-box uagb-block-de5ccef8 uagb-infobox__content-wrap  uagb-infobox-icon-above-title uagb-infobox-image-valign-top wp-block-uagb-info-box--has-margin\"><div class=\"uagb-infobox-margin-wrapper\"><div class=\"uagb-ifb-content\"><div class=\"uagb-ifb-title-wrap\"><h3 class=\"uagb-ifb-title-prefix\">Nuestra visi\u00f3n es construir una plataforma digital global de la cadena de suministro<\/h3><p class=\"uagb-ifb-title\">China es la f\u00e1brica de manufacturas del mundo desde hace 30 a\u00f1os, pero s\u00f3lo las grandes empresas pueden comprar directamente en China. Las peque\u00f1as y medianas empresas de todo el mundo siguen teniendo enormes problemas que resolver en el proceso de compra y venta al por mayor transfronteriza. Por ejemplo, los productos de poco valor s\u00f3lo pueden transportarse por v\u00eda mar\u00edtima, como la adquisici\u00f3n de varios productos SKU en una sola operaci\u00f3n, etc.<\/p><\/div><p class=\"uagb-ifb-desc\">El equipo fundador de Awwwbuy ha estado profundamente involucrado en la industria transfronteriza durante muchos a\u00f1os y est\u00e1 muy familiarizado con las f\u00e1bricas chinas y los cinturones industriales. Al mismo tiempo, nuestro equipo tambi\u00e9n cuenta con muchos a\u00f1os de experiencia en el comercio electr\u00f3nico transfronterizo y tiene una amplia experiencia en pagos transfronterizos, log\u00edstica transfronteriza, servicios de almacenamiento, etc.<br><br>As\u00ed que decidimos utilizar nuestras propias ventajas para ayudar a las f\u00e1bricas chinas y a los cinturones industriales a globalizarse y ayudar a las peque\u00f1as y medianas empresas de todo el mundo a realizar sus compras de una sola vez.Utilizar una cadena de suministro digital para que las compras globales al por mayor sean m\u00e1s c\u00f3modas y f\u00e1ciles.<br><br><br><\/p><\/div><\/div><\/div>\n<\/div>\n<\/div><\/div>\n\n\n\n<div class=\"wp-block-uagb-container uagb-layout-grid uagb-block-80731fa3 alignfull uagb-is-root-container\"><div class=\"uagb-container__shape uagb-container__shape-top uagb-container__shape-flip\"><svg xmlns=\"https:\/\/www.w3.org\/2000\/svg\" viewbox=\"0 0 1000 100\" preserveaspectratio=\"none\"><path class=\"uagb-container__shape-fill\" d=\"M0,6V0h1000v100L0,6z\"><\/path><\/svg><\/div><div class=\"uagb-container__shape uagb-container__shape-bottom uagb-container__shape-flip uagb-container__invert\" data-negative=\"false\"><svg xmlns=\"https:\/\/www.w3.org\/2000\/svg\" viewbox=\"0 0 1000 100\" preserveaspectratio=\"none\"><path class=\"uagb-container__shape-fill\" d=\"M0,6V0h1000v100L0,6z\"><\/path><\/svg><\/div><div class=\"uagb-container-inner-blocks-wrap\">\n<div class=\"wp-block-uagb-info-box uagb-block-4184a682 uagb-infobox__content-wrap  uagb-infobox-icon-above-title uagb-infobox-image-valign-top wp-block-uagb-info-box--has-margin\"><div class=\"uagb-infobox-margin-wrapper\"><div class=\"uagb-ifb-content\"><div class=\"uagb-ifb-title-wrap\"><span class=\"uagb-ifb-title-prefix\">Competencias b\u00e1sicas<\/span><h2 class=\"uagb-ifb-title\">Crecer con las peque\u00f1as empresas de todo el mundo<\/h2><\/div><p class=\"uagb-ifb-desc\"><br>A trav\u00e9s de sus capacidades digitales, Awwwbuy integra profundamente los productos de las f\u00e1bricas chinas, permitiendo que cada f\u00e1brica tenga capacidades digitales y se conecte con comerciantes de todo el mundo a trav\u00e9s de la plataforma awwwbuy.<br><br>Las eficientes capacidades digitales de Awwwbuy permiten a los comerciantes de todo el mundo realizar compras y ventas al por mayor en una \u00fanica plataforma.<br><br>Proporcionamos servicios integrales, desde la adquisici\u00f3n, el pago, la inspecci\u00f3n de calidad y el almacenamiento hasta la log\u00edstica internacional, haciendo que la adquisici\u00f3n global sea para cada comerciante tan c\u00f3moda y r\u00e1pida como la local.<br><br><br><br><\/p><\/div><\/div><\/div>\n\n\n\n<div class=\"wp-block-uagb-image alignright uagb-block-eb3eeb07 wp-block-uagb-image--layout-default wp-block-uagb-image--effect-static wp-block-uagb-image--align-right\"><figure class=\"wp-block-uagb-image__figure\"><img decoding=\"async\" srcset=\"https:\/\/blog.awwwbuy.com\/wp-content\/uploads\/2024\/09\/pexels-photo-6169136.jpeg ,https:\/\/blog.awwwbuy.com\/wp-content\/uploads\/2024\/09\/pexels-photo-6169136.jpeg 780w, https:\/\/blog.awwwbuy.com\/wp-content\/uploads\/2024\/09\/pexels-photo-6169136.jpeg 360w\" sizes=\"auto, (max-width: 480px) 150px\" src=\"https:\/\/blog.awwwbuy.com\/wp-content\/uploads\/2024\/09\/pexels-photo-6169136.jpeg\" alt=\"\" class=\"uag-image-18\" width=\"500\" height=\"450\" title=\"nuestra historia\" loading=\"lazy\" role=\"img\"\/><\/figure><\/div>\n<\/div><\/div>\n\n\n\n<div class=\"wp-block-uagb-container uagb-block-f7d88070 alignfull uagb-is-root-container\"><div class=\"uagb-container-inner-blocks-wrap\">\n<div class=\"wp-block-uagb-advanced-heading uagb-block-87470b0a\"><p class=\"uagb-desc-text\">plataforma awwwbuy<\/p><h2 class=\"uagb-heading-text\">Misi\u00f3n y valores<\/h2><\/div>\n\n\n\n<div class=\"wp-block-uagb-container uagb-block-6215ea89\">\n<div class=\"wp-block-uagb-advanced-heading uagb-block-809e447c\"><h3 class=\"uagb-heading-text\">Nuestra misi\u00f3n<\/h3><p class=\"uagb-desc-text\">Mediante la creaci\u00f3n de una plataforma digital de cadena de suministro, hacemos que las compras al por mayor resulten m\u00e1s c\u00f3modas para las peque\u00f1as empresas de todo el mundo.<\/p><\/div>\n\n\n\n<div class=\"wp-block-uagb-separator uagb-block-7f2a0cab\"><div class=\"uagb-separator-spacing-wrapper\"><div class=\"wp-block-uagb-separator__inner\" style=\"--my-background-image:\"><\/div><\/div><\/div>\n\n\n\n<div class=\"wp-block-uagb-advanced-heading uagb-block-0cc4a98e\"><h3 class=\"uagb-heading-text\">Nuestros valores<\/h3><p class=\"uagb-desc-text\">Innovaci\u00f3n: Perseguir la innovaci\u00f3n en la industria y crear valor con esp\u00edritu innovador.<br>Extremo: Hacer las cosas con actitud extrema y hacer las cosas al extremo.<br>Sinceridad: Sea sincero con los clientes y comun\u00edquese con sinceridad entre los equipos.<\/p><\/div>\n<\/div>\n<\/div><\/div>\n\n\n\n<div class=\"wp-block-uagb-container uagb-block-df8ee77f alignfull uagb-is-root-container\"><div class=\"uagb-container__shape uagb-container__shape-top uagb-container__shape-flip\"><svg xmlns=\"https:\/\/www.w3.org\/2000\/svg\" viewbox=\"0 0 1000 100\" preserveaspectratio=\"none\"><path class=\"uagb-container__shape-fill\" d=\"M0,6V0h1000v100L0,6z\"><\/path><\/svg><\/div><div class=\"uagb-container-inner-blocks-wrap\">\n<div class=\"wp-block-uagb-advanced-heading uagb-block-da70d213\"><p class=\"uagb-desc-text\">Acerca del equipo<\/p><h2 class=\"uagb-heading-text\">equipo principal de awwwbuy<\/h2><\/div>\n\n\n\n<div class=\"wp-block-uagb-container uagb-block-d0e3ffef\">\n<div class=\"wp-block-uagb-container uagb-block-66fe1c83\">\n<div class=\"wp-block-uagb-info-box uagb-block-9fa154fb uagb-infobox__content-wrap  uagb-infobox-icon-above-title uagb-infobox-image-valign-top\"><div class=\"uagb-ifb-content\"><div class=\"uagb-ifb-image-content\"><img decoding=\"async\" src=\"https:\/\/blog.awwwbuy.com\/wp-content\/uploads\/2024\/12\/WechatIMG309-e1734864874739-150x150.jpg\" alt=\"LAOJIN\" width=\"150\" height=\"150\" loading=\"lazy\"\/><\/div><div class=\"uagb-ifb-title-wrap\"><p class=\"uagb-ifb-title\">LAOJIN<\/p><\/div><p class=\"uagb-ifb-desc\">DIRECTOR GENERAL<\/p><\/div><\/div>\n<\/div>\n\n\n\n<div class=\"wp-block-uagb-container uagb-block-a31af704\">\n<div class=\"wp-block-uagb-info-box uagb-block-2b47405f uagb-infobox__content-wrap  uagb-infobox-icon-above-title uagb-infobox-image-valign-top\"><div class=\"uagb-ifb-content\"><div class=\"uagb-ifb-image-content\"><img decoding=\"async\" src=\"https:\/\/blog.awwwbuy.com\/wp-content\/uploads\/2024\/12\/WechatIMG1148-e1734868634695-150x150.jpg\" alt=\"\" width=\"150\" height=\"150\" loading=\"lazy\"\/><\/div><div class=\"uagb-ifb-title-wrap\"><p class=\"uagb-ifb-title\">NEAL<\/p><\/div><p class=\"uagb-ifb-desc\">Cofundador<\/p><\/div><\/div>\n<\/div>\n\n\n\n<div class=\"wp-block-uagb-container uagb-block-5755988a\">\n<div class=\"wp-block-uagb-info-box uagb-block-8a861bdd uagb-infobox__content-wrap  uagb-infobox-icon-above-title uagb-infobox-image-valign-top\"><div class=\"uagb-ifb-content\"><div class=\"uagb-ifb-image-content\"><img decoding=\"async\" src=\"https:\/\/blog.awwwbuy.com\/wp-content\/uploads\/2024\/12\/WechatIMG131-e1734870553808-150x150.jpg\" alt=\"\" width=\"150\" height=\"150\" loading=\"lazy\"\/><\/div><div class=\"uagb-ifb-title-wrap\"><p class=\"uagb-ifb-title\">AIOE<\/p><\/div><p class=\"uagb-ifb-desc\">Director de la Cadena de Suministro<\/p><\/div><\/div>\n<\/div>\n<\/div>\n<\/div><\/div>\n\n\n\n<div class=\"wp-block-uagb-container uagb-block-6f82293b alignfull uagb-is-root-container\"><div class=\"uagb-container__shape uagb-container__shape-top uagb-container__shape-flip\"><svg xmlns=\"https:\/\/www.w3.org\/2000\/svg\" viewbox=\"0 0 1000 100\" preserveaspectratio=\"none\"><path class=\"uagb-container__shape-fill\" d=\"M0,6V0h1000v100L0,6z\"><\/path><\/svg><\/div><div class=\"uagb-container-inner-blocks-wrap\">\n<div class=\"wp-block-uagb-info-box uagb-block-2de13869 uagb-infobox__content-wrap  uagb-infobox-icon-above-title uagb-infobox-image-valign-top wp-block-uagb-info-box--has-margin\"><div class=\"uagb-infobox-margin-wrapper\"><div class=\"uagb-ifb-content\"><div class=\"uagb-ifb-title-wrap\"><span class=\"uagb-ifb-title-prefix\">\u00danete ahora<\/span><h2 class=\"uagb-ifb-title\">Hacer m\u00e1s c\u00f3modas las compras al por mayor para todas las peque\u00f1as y medianas empresas<\/h2><\/div><p class=\"uagb-ifb-desc\">Reg\u00edstrese ahora en awwwbuy y empiece a disfrutar de la compra al por mayor en un solo lugar<\/p><div class=\"uagb-ifb-button-wrapper wp-block-button\"><a href=\"http:\/\/www.awwwbuy.com\/\" class=\"uagb-infobox-cta-link wp-block-button__link\" target=\"_self\" rel=\"noopener noreferrer\" onclick=\"return true;\"><span class=\"uagb-inline-editing\">Comenzar<\/span><\/a><\/div><\/div><\/div><\/div>\n<\/div><\/div>","protected":false},"excerpt":{"rendered":"<p>awwwbuy.com Hacer las compras al por mayor m\u00e1s c\u00f3modas para las peque\u00f1as empresas de todo el mundo Acerca de awwwbuy Acerca de la empresa y nuestros servicios [...]<\/p>","protected":false},"author":1,"featured_media":0,"parent":0,"menu_order":0,"comment_status":"closed","ping_status":"closed","template":"","meta":{"_uag_custom_page_level_css":"","site-sidebar-layout":"default","site-content-layout":"","ast-site-content-layout":"default","site-content-style":"default","site-sidebar-style":"default","ast-global-header-display":"","ast-banner-title-visibility":"","ast-main-header-display":"","ast-hfb-above-header-display":"","ast-hfb-below-header-display":"","ast-hfb-mobile-header-display":"","site-post-title":"disabled","ast-breadcrumbs-content":"","ast-featured-img":"","footer-sml-layout":"","theme-transparent-header-meta":"","adv-header-id-meta":"","stick-header-meta":"","header-above-stick-meta":"","header-main-stick-meta":"","header-below-stick-meta":"","astra-migrate-meta-layouts":"default","ast-page-background-enabled":"default","ast-page-background-meta":{"desktop":{"background-color":"var(--ast-global-color-4)","background-image":"","background-repeat":"repeat","background-position":"center center","background-size":"auto","background-attachment":"scroll","background-type":"","background-media":"","overlay-type":"","overlay-color":"","overlay-opacity":"","overlay-gradient":""},"tablet":{"background-color":"","background-image":"","background-repeat":"repeat","background-position":"center center","background-size":"auto","background-attachment":"scroll","background-type":"","background-media":"","overlay-type":"","overlay-color":"","overlay-opacity":"","overlay-gradient":""},"mobile":{"background-color":"","background-image":"","background-repeat":"repeat","background-position":"center center","background-size":"auto","background-attachment":"scroll","background-type":"","background-media":"","overlay-type":"","overlay-color":"","overlay-opacity":"","overlay-gradient":""}},"ast-content-background-meta":{"desktop":{"background-color":"var(--ast-global-color-5)","background-image":"","background-repeat":"repeat","background-position":"center center","background-size":"auto","background-attachment":"scroll","background-type":"","background-media":"","overlay-type":"","overlay-color":"","overlay-opacity":"","overlay-gradient":""},"tablet":{"background-color":"var(--ast-global-color-5)","background-image":"","background-repeat":"repeat","background-position":"center center","background-size":"auto","background-attachment":"scroll","background-type":"","background-media":"","overlay-type":"","overlay-color":"","overlay-opacity":"","overlay-gradient":""},"mobile":{"background-color":"var(--ast-global-color-5)","background-image":"","background-repeat":"repeat","background-position":"center center","background-size":"auto","background-attachment":"scroll","background-type":"","background-media":"","overlay-type":"","overlay-color":"","overlay-opacity":"","overlay-gradient":""}},"footnotes":""},"class_list":["post-52","page","type-page","status-publish","hentry"],"uagb_featured_image_src":{"full":false,"thumbnail":false,"medium":false,"medium_large":false,"large":false,"1536x1536":false,"2048x2048":false,"trp-custom-language-flag":false,"mailpoet_newsletter_max":false},"uagb_author_info":{"display_name":"baiduboy","author_link":"https:\/\/blog.awwwbuy.com\/es\/author\/baiduboy\/"},"uagb_comment_info":0,"uagb_excerpt":"awwwbuy.com Make wholesale purchases more convenient for small businesses around the world About awwwbuy About the company and our services [&hellip;]","_links":{"self":[{"href":"https:\/\/blog.awwwbuy.com\/es\/wp-json\/wp\/v2\/pages\/52","targetHints":{"allow":["GET"]}}],"collection":[{"href":"https:\/\/blog.awwwbuy.com\/es\/wp-json\/wp\/v2\/pages"}],"about":[{"href":"https:\/\/blog.awwwbuy.com\/es\/wp-json\/wp\/v2\/types\/page"}],"author":[{"embeddable":true,"href":"https:\/\/blog.awwwbuy.com\/es\/wp-json\/wp\/v2\/users\/1"}],"replies":[{"embeddable":true,"href":"https:\/\/blog.awwwbuy.com\/es\/wp-json\/wp\/v2\/comments?post=52"}],"version-history":[{"count":18,"href":"https:\/\/blog.awwwbuy.com\/es\/wp-json\/wp\/v2\/pages\/52\/revisions"}],"predecessor-version":[{"id":361,"href":"https:\/\/blog.awwwbuy.com\/es\/wp-json\/wp\/v2\/pages\/52\/revisions\/361"}],"wp:attachment":[{"href":"https:\/\/blog.awwwbuy.com\/es\/wp-json\/wp\/v2\/media?parent=52"}],"curies":[{"name":"wp","href":"https:\/\/api.w.org\/{rel}","templated":true}]}}